{"id":6,"date":"2017-10-08T18:24:14","date_gmt":"2017-10-08T16:24:14","guid":{"rendered":"http:\/\/www.lacore.ch\/co\/?page_id=6"},"modified":"2025-12-10T15:46:33","modified_gmt":"2025-12-10T14:46:33","slug":"contact","status":"publish","type":"page","link":"https:\/\/lacore.ch\/co\/contact\/","title":{"rendered":"Contact"},"content":{"rendered":"<section class=\"l-section wpb_row height_auto\"><div class=\"l-section-h i-cf\"><div class=\"g-cols vc_row via_flex valign_top type_default stacking_default\"><div class=\"vc_col-sm-12 wpb_column vc_column_container\"><div class=\"vc_column-inner\"><div class=\"wpb_wrapper\"><div class=\"w-map provider_osm us_custom_2eb1a079\" id=\"us_map_1\"><div class=\"w-map-json\" onclick='return {&quot;address&quot;:&quot;46.197929, 6.208863&quot;,&quot;zoom&quot;:14,&quot;hideControls&quot;:0,&quot;disableZoom&quot;:0,&quot;disableDragging&quot;:0,&quot;markers&quot;:[{&quot;address&quot;:&quot;46.197929, 6.208863&quot;,&quot;html&quot;:&quot;&lt;h6&gt;L&#039;Acore&lt;\\\/h6&gt;&lt;p&gt;Chemin de la Mousse 102&lt;br&gt; 1226 Th\\u00f4nex, Suisse.&lt;\\\/p&gt;&quot;,&quot;infowindow&quot;:&quot;1&quot;}],&quot;style&quot;:&quot;https:\\\/\\\/{s}.tile.openstreetmap.org\\\/{z}\\\/{x}\\\/{y}.png&quot;}'><\/div><\/div><\/div><\/div><\/div><\/div><\/div><\/section><section class=\"l-section wpb_row height_medium\"><div class=\"l-section-h i-cf\"><div class=\"g-cols vc_row via_flex valign_top type_default stacking_default\"><div class=\"vc_col-sm-6 wpb_column vc_column_container\"><div class=\"vc_column-inner\"><div class=\"wpb_wrapper\">\n<div class=\"wpcf7 no-js\" id=\"wpcf7-f35-o1\" lang=\"fr-FR\" dir=\"ltr\" data-wpcf7-id=\"35\">\n<div class=\"screen-reader-response\"><p role=\"status\" aria-live=\"polite\" aria-atomic=\"true\"><\/p> <ul><\/ul><\/div>\n<form action=\"\/co\/wp-json\/wp\/v2\/pages\/6#wpcf7-f35-o1\" method=\"post\" class=\"wpcf7-form init\" aria-label=\"Formulaire de contact\" novalidate=\"novalidate\" data-status=\"init\">\n<fieldset class=\"hidden-fields-container\"><input type=\"hidden\" name=\"_wpcf7\" value=\"35\" \/><input type=\"hidden\" name=\"_wpcf7_version\" value=\"6.1.5\" \/><input type=\"hidden\" name=\"_wpcf7_locale\" value=\"fr_FR\" \/><input type=\"hidden\" name=\"_wpcf7_unit_tag\" value=\"wpcf7-f35-o1\" \/><input type=\"hidden\" name=\"_wpcf7_container_post\" value=\"0\" \/><input type=\"hidden\" name=\"_wpcf7_posted_data_hash\" value=\"\" \/><input type=\"hidden\" name=\"_wpcf7_recaptcha_response\" value=\"\" \/>\n<\/fieldset>\n<p><label> Votre nom (obligatoire)<br \/>\n<span class=\"wpcf7-form-control-wrap\" data-name=\"your-name\"><input size=\"40\" maxlength=\"400\" class=\"wpcf7-form-control wpcf7-text wpcf7-validates-as-required\" aria-required=\"true\" aria-invalid=\"false\" value=\"\" type=\"text\" name=\"your-name\" \/><\/span> <\/label>\n<\/p>\n<p><label> Votre num\u00e9ro de t\u00e9l\u00e9phone (obligatoire)<br \/>\n<span class=\"wpcf7-form-control-wrap\" data-name=\"tel-583\"><input size=\"40\" maxlength=\"400\" class=\"wpcf7-form-control wpcf7-tel wpcf7-validates-as-required wpcf7-text wpcf7-validates-as-tel\" aria-required=\"true\" aria-invalid=\"false\" value=\"\" type=\"tel\" name=\"tel-583\" \/><\/span> <\/label>\n<\/p>\n<p><label> Votre e-mail (obligatoire)<br \/>\n<span class=\"wpcf7-form-control-wrap\" data-name=\"your-email\"><input size=\"40\" maxlength=\"400\" class=\"wpcf7-form-control wpcf7-email wpcf7-validates-as-required wpcf7-text wpcf7-validates-as-email\" aria-required=\"true\" aria-invalid=\"false\" value=\"\" type=\"email\" name=\"your-email\" \/><\/span> <\/label>\n<\/p>\n<p><label> Sujet<br \/>\n<span class=\"wpcf7-form-control-wrap\" data-name=\"your-subject\"><input size=\"40\" maxlength=\"400\" class=\"wpcf7-form-control wpcf7-text\" aria-invalid=\"false\" value=\"\" type=\"text\" name=\"your-subject\" \/><\/span> <\/label>\n<\/p>\n<p><label> Votre message<br \/>\n<span class=\"wpcf7-form-control-wrap\" data-name=\"your-message\"><textarea cols=\"40\" rows=\"10\" maxlength=\"2000\" class=\"wpcf7-form-control wpcf7-textarea\" aria-invalid=\"false\" name=\"your-message\"><\/textarea><\/span> <\/label><br \/>\n\n<\/p>\n<p><span class=\"wpcf7-form-control-wrap\" data-name=\"acceptance-991\"><span class=\"wpcf7-form-control wpcf7-acceptance\"><span class=\"wpcf7-list-item\"><label><input type=\"checkbox\" name=\"acceptance-991\" value=\"1\" aria-invalid=\"false\" \/><span class=\"wpcf7-list-item-label\">En soumettant ce formulaire, j'accepte que les informations saisies soient utilis\u00e9es pour me recontacter.<\/span><\/label><\/span><\/span><\/span>\n<\/p>\n<p><input class=\"wpcf7-form-control wpcf7-submit has-spinner\" type=\"submit\" value=\"Envoyer\" \/>\n<\/p><input type='hidden' class='wpcf7-pum' value='{\"closepopup\":false,\"closedelay\":0,\"openpopup\":false,\"openpopup_id\":0}' \/><div class=\"wpcf7-response-output\" aria-hidden=\"true\"><\/div>\n<\/form>\n<\/div>\n<\/div><\/div><\/div><div class=\"vc_col-sm-3 wpb_column vc_column_container\"><div class=\"vc_column-inner\"><div class=\"wpb_wrapper\"><div class=\"wpb_text_column\"><div class=\"wpb_wrapper\"><h4><strong>Adresse\u00a0<\/strong><\/h4>\n<p><strong>L\u2019Acore<\/strong>, cycle d\u2019orientation<br \/>\nChemin de la Mousse 102<br \/>\n1226 Th\u00f4nex<\/p>\n<p>022 349.50.12<br \/>\n<a href=\"mailto:info@lacore.ch\" target=\"_blank\" rel=\"noopener noreferrer\">info[at]lacore.ch<\/a><\/p>\n<h5><strong>Arr\u00eats TPG :<\/strong><\/h5>\n<p>Tram 12 et 17 : Graveson<br \/>\nLigne 32 et 37 : Pierre-\u00e0-Bochet<br \/>\nLigne 32 : Tronchet<br \/>\nCEVA \/ Leman Express : Gare de Ch\u00eane-Bourg (1,5 km, moins de 10 minutes \u00e0 pied)<\/p>\n<\/div><\/div><\/div><\/div><\/div><div class=\"vc_col-sm-3 wpb_column vc_column_container\"><div class=\"vc_column-inner\"><div class=\"wpb_wrapper\"><div class=\"w-image align_none\"><div class=\"w-image-h\"><img loading=\"lazy\" decoding=\"async\" width=\"683\" height=\"1024\" src=\"https:\/\/lacore.ch\/co\/wp-content\/uploads\/2025\/12\/ACORE-BAT-13-683x1024.jpg\" class=\"attachment-large size-large\" alt=\"ACORE-BAT-13\" srcset=\"https:\/\/lacore.ch\/co\/wp-content\/uploads\/2025\/12\/ACORE-BAT-13-683x1024.jpg 683w, https:\/\/lacore.ch\/co\/wp-content\/uploads\/2025\/12\/ACORE-BAT-13-200x300.jpg 200w, https:\/\/lacore.ch\/co\/wp-content\/uploads\/2025\/12\/ACORE-BAT-13-768x1152.jpg 768w, https:\/\/lacore.ch\/co\/wp-content\/uploads\/2025\/12\/ACORE-BAT-13-scaled.jpg 1707w\" sizes=\"auto, (max-width: 683px) 100vw, 683px\" \/><\/div><\/div><\/div><\/div><\/div><\/div><\/div><\/section>\n","protected":false},"excerpt":{"rendered":"Votre nom (obligatoire) Votre num\u00e9ro de t\u00e9l\u00e9phone (obligatoire) Votre e-mail (obligatoire) Sujet Votre message En soumettant ce formulaire, j'accepte que les informations saisies soient utilis\u00e9es pour me recontacter. Adresse\u00a0 L\u2019Acore, cycle d\u2019orientation Chemin de la Mousse 102 1226 Th\u00f4nex 022 349.50.12 info[at]lacore.ch Arr\u00eats TPG : Tram 12 et 17 : Graveson Ligne 32 et 37...","protected":false},"author":5,"featured_media":0,"parent":0,"menu_order":0,"comment_status":"closed","ping_status":"closed","template":"","meta":{"footnotes":""},"class_list":["post-6","page","type-page","status-publish","hentry"],"yoast_head":"<!-- This site is optimized with the Yoast SEO plugin v26.8 - https:\/\/yoast.com\/product\/yoast-seo-wordpress\/ -->\n<title>Contactez l&#039;Acore, cycle d&#039;orientation priv\u00e9 \u00e0 Gen\u00e8ve<\/title>\n<meta name=\"description\" content=\"Contactez-nous pour obtenir plus d\u2019informations, retrouver le plan d\u2019acc\u00e8s \u00e0 l\u2019\u00e9cole, sa g\u00e9olocalisation et les coordonn\u00e9es de l\u2019Acore \u00e0 Gen\u00e8ve.\" \/>\n<meta name=\"robots\" content=\"index, follow, max-snippet:-1, max-image-preview:large, max-video-preview:-1\" \/>\n<link rel=\"canonical\" href=\"https:\/\/lacore.ch\/co\/contact\/\" \/>\n<meta property=\"og:locale\" content=\"fr_FR\" \/>\n<meta property=\"og:type\" content=\"article\" \/>\n<meta property=\"og:title\" content=\"Contactez l&#039;Acore, cycle d&#039;orientation priv\u00e9 \u00e0 Gen\u00e8ve\" \/>\n<meta property=\"og:description\" content=\"Contactez-nous pour obtenir plus d\u2019informations, retrouver le plan d\u2019acc\u00e8s \u00e0 l\u2019\u00e9cole, sa g\u00e9olocalisation et les coordonn\u00e9es de l\u2019Acore \u00e0 Gen\u00e8ve.\" \/>\n<meta property=\"og:url\" content=\"https:\/\/lacore.ch\/co\/contact\/\" \/>\n<meta property=\"og:site_name\" content=\"L&#039;Acore\" \/>\n<meta property=\"article:modified_time\" content=\"2025-12-10T14:46:33+00:00\" \/>\n<meta name=\"twitter:card\" content=\"summary_large_image\" \/>\n<meta name=\"twitter:label1\" content=\"Dur\u00e9e de lecture estim\u00e9e\" \/>\n\t<meta name=\"twitter:data1\" content=\"1 minute\" \/>\n<script type=\"application\/ld+json\" class=\"yoast-schema-graph\">{\"@context\":\"https:\/\/schema.org\",\"@graph\":[{\"@type\":\"WebPage\",\"@id\":\"https:\/\/lacore.ch\/co\/contact\/\",\"url\":\"https:\/\/lacore.ch\/co\/contact\/\",\"name\":\"Contactez l'Acore, cycle d'orientation priv\u00e9 \u00e0 Gen\u00e8ve\",\"isPartOf\":{\"@id\":\"https:\/\/lacore.ch\/co\/#website\"},\"datePublished\":\"2017-10-08T16:24:14+00:00\",\"dateModified\":\"2025-12-10T14:46:33+00:00\",\"description\":\"Contactez-nous pour obtenir plus d\u2019informations, retrouver le plan d\u2019acc\u00e8s \u00e0 l\u2019\u00e9cole, sa g\u00e9olocalisation et les coordonn\u00e9es de l\u2019Acore \u00e0 Gen\u00e8ve.\",\"breadcrumb\":{\"@id\":\"https:\/\/lacore.ch\/co\/contact\/#breadcrumb\"},\"inLanguage\":\"fr-FR\",\"potentialAction\":[{\"@type\":\"ReadAction\",\"target\":[\"https:\/\/lacore.ch\/co\/contact\/\"]}]},{\"@type\":\"BreadcrumbList\",\"@id\":\"https:\/\/lacore.ch\/co\/contact\/#breadcrumb\",\"itemListElement\":[{\"@type\":\"ListItem\",\"position\":1,\"name\":\"Accueil\",\"item\":\"https:\/\/lacore.ch\/co\/\"},{\"@type\":\"ListItem\",\"position\":2,\"name\":\"Contact\"}]},{\"@type\":\"WebSite\",\"@id\":\"https:\/\/lacore.ch\/co\/#website\",\"url\":\"https:\/\/lacore.ch\/co\/\",\"name\":\"L&#039;Acore\",\"description\":\"Cycle d&#039;orientation priv\u00e9\",\"potentialAction\":[{\"@type\":\"SearchAction\",\"target\":{\"@type\":\"EntryPoint\",\"urlTemplate\":\"https:\/\/lacore.ch\/co\/?s={search_term_string}\"},\"query-input\":{\"@type\":\"PropertyValueSpecification\",\"valueRequired\":true,\"valueName\":\"search_term_string\"}}],\"inLanguage\":\"fr-FR\"}]}<\/script>\n<!-- \/ Yoast SEO plugin. -->","yoast_head_json":{"title":"Contactez l'Acore, cycle d'orientation priv\u00e9 \u00e0 Gen\u00e8ve","description":"Contactez-nous pour obtenir plus d\u2019informations, retrouver le plan d\u2019acc\u00e8s \u00e0 l\u2019\u00e9cole, sa g\u00e9olocalisation et les coordonn\u00e9es de l\u2019Acore \u00e0 Gen\u00e8ve.","robots":{"index":"index","follow":"follow","max-snippet":"max-snippet:-1","max-image-preview":"max-image-preview:large","max-video-preview":"max-video-preview:-1"},"canonical":"https:\/\/lacore.ch\/co\/contact\/","og_locale":"fr_FR","og_type":"article","og_title":"Contactez l'Acore, cycle d'orientation priv\u00e9 \u00e0 Gen\u00e8ve","og_description":"Contactez-nous pour obtenir plus d\u2019informations, retrouver le plan d\u2019acc\u00e8s \u00e0 l\u2019\u00e9cole, sa g\u00e9olocalisation et les coordonn\u00e9es de l\u2019Acore \u00e0 Gen\u00e8ve.","og_url":"https:\/\/lacore.ch\/co\/contact\/","og_site_name":"L&#039;Acore","article_modified_time":"2025-12-10T14:46:33+00:00","twitter_card":"summary_large_image","twitter_misc":{"Dur\u00e9e de lecture estim\u00e9e":"1 minute"},"schema":{"@context":"https:\/\/schema.org","@graph":[{"@type":"WebPage","@id":"https:\/\/lacore.ch\/co\/contact\/","url":"https:\/\/lacore.ch\/co\/contact\/","name":"Contactez l'Acore, cycle d'orientation priv\u00e9 \u00e0 Gen\u00e8ve","isPartOf":{"@id":"https:\/\/lacore.ch\/co\/#website"},"datePublished":"2017-10-08T16:24:14+00:00","dateModified":"2025-12-10T14:46:33+00:00","description":"Contactez-nous pour obtenir plus d\u2019informations, retrouver le plan d\u2019acc\u00e8s \u00e0 l\u2019\u00e9cole, sa g\u00e9olocalisation et les coordonn\u00e9es de l\u2019Acore \u00e0 Gen\u00e8ve.","breadcrumb":{"@id":"https:\/\/lacore.ch\/co\/contact\/#breadcrumb"},"inLanguage":"fr-FR","potentialAction":[{"@type":"ReadAction","target":["https:\/\/lacore.ch\/co\/contact\/"]}]},{"@type":"BreadcrumbList","@id":"https:\/\/lacore.ch\/co\/contact\/#breadcrumb","itemListElement":[{"@type":"ListItem","position":1,"name":"Accueil","item":"https:\/\/lacore.ch\/co\/"},{"@type":"ListItem","position":2,"name":"Contact"}]},{"@type":"WebSite","@id":"https:\/\/lacore.ch\/co\/#website","url":"https:\/\/lacore.ch\/co\/","name":"L&#039;Acore","description":"Cycle d&#039;orientation priv\u00e9","potentialAction":[{"@type":"SearchAction","target":{"@type":"EntryPoint","urlTemplate":"https:\/\/lacore.ch\/co\/?s={search_term_string}"},"query-input":{"@type":"PropertyValueSpecification","valueRequired":true,"valueName":"search_term_string"}}],"inLanguage":"fr-FR"}]}},"_links":{"self":[{"href":"https:\/\/lacore.ch\/co\/wp-json\/wp\/v2\/pages\/6","targetHints":{"allow":["GET"]}}],"collection":[{"href":"https:\/\/lacore.ch\/co\/wp-json\/wp\/v2\/pages"}],"about":[{"href":"https:\/\/lacore.ch\/co\/wp-json\/wp\/v2\/types\/page"}],"author":[{"embeddable":true,"href":"https:\/\/lacore.ch\/co\/wp-json\/wp\/v2\/users\/5"}],"replies":[{"embeddable":true,"href":"https:\/\/lacore.ch\/co\/wp-json\/wp\/v2\/comments?post=6"}],"version-history":[{"count":5,"href":"https:\/\/lacore.ch\/co\/wp-json\/wp\/v2\/pages\/6\/revisions"}],"predecessor-version":[{"id":4731,"href":"https:\/\/lacore.ch\/co\/wp-json\/wp\/v2\/pages\/6\/revisions\/4731"}],"wp:attachment":[{"href":"https:\/\/lacore.ch\/co\/wp-json\/wp\/v2\/media?parent=6"}],"curies":[{"name":"wp","href":"https:\/\/api.w.org\/{rel}","templated":true}]}}