{"id":538,"date":"2018-04-19T18:10:19","date_gmt":"2018-04-19T16:10:19","guid":{"rendered":"http:\/\/www.lacore.ch\/co\/?page_id=538"},"modified":"2025-07-02T15:36:00","modified_gmt":"2025-07-02T13:36:00","slug":"vacances-scolaires","status":"publish","type":"page","link":"https:\/\/lacore.ch\/co\/ecole\/vacances-scolaires\/","title":{"rendered":"Vacances scolaires"},"content":{"rendered":"<section class=\"l-section wpb_row height_small\"><div class=\"l-section-h i-cf\"><div class=\"g-cols vc_row via_flex valign_top type_default stacking_default\"><div class=\"vc_col-sm-12 wpb_column vc_column_container\"><div class=\"vc_column-inner\"><div class=\"wpb_wrapper\"><div class=\"wpb_text_column\"><div class=\"wpb_wrapper\"><h4>CALENDRIER DES VACANCES ET CONG\u00c9S SCOLAIRES\u00a0<strong>2025 \u2013 2026<\/strong><\/h4>\n<\/div><\/div><\/div><\/div><\/div><\/div><\/div><\/section><section class=\"l-section wpb_row height_auto\"><div class=\"l-section-h i-cf\"><div class=\"g-cols vc_row via_flex valign_top type_default stacking_default\"><div class=\"vc_col-sm-6 wpb_column vc_column_container\"><div class=\"vc_column-inner\"><div class=\"wpb_wrapper\"><div class=\"wpb_text_column\"><div class=\"wpb_wrapper\"><h6><strong>Rentr\u00e9e<\/strong> : lundi 25 ao\u00fbt 2025 \u00e0 8h30<\/h6>\n<p><strong>Vacances d&rsquo;automne\u00a0<\/strong>: du lundi 20 octobre au vendredi 24 octobre 2025<br \/>\n<strong>Rentr\u00e9e<\/strong> : lundi 27 octobre 2025<\/p>\n<p><strong>Vacances de No\u00ebl<\/strong> : du lundi 22 d\u00e9cembre 2025 au vendredi 02 janvier 2026<br \/>\n<strong>Rentr\u00e9e<\/strong> : lundi 5 janvier 2026<\/p>\n<p><strong>Vacances de f\u00e9vrier\u00a0<\/strong>: du lundi 23 f\u00e9vrier au mercredi 04 mars 2026<br \/>\n<strong>Rentr\u00e9e<\/strong> : jeudi 5 mars 2026<\/p>\n<p><strong>Vacances de P\u00e2ques<\/strong> : du vendredi 03 avril au vendredi 17 avril 2026<br \/>\n<strong>Rentr\u00e9e\u00a0<\/strong>: lundi 20 avril 2026<\/p>\n<p><strong>Vacances d&rsquo;\u00e9t\u00e9\u00a0<\/strong>: d\u00e8s le lundi 22 juin 2026<\/p>\n<\/div><\/div><div class=\"w-separator size_large\"><\/div><\/div><\/div><\/div><div class=\"vc_col-sm-6 wpb_column vc_column_container\"><div class=\"vc_column-inner\"><div class=\"wpb_wrapper\"><div class=\"wpb_text_column\"><div class=\"wpb_wrapper\"><h6><strong>Autres cong\u00e9s<\/strong> :<\/h6>\n<p><strong>Je\u00fbne Genevois <\/strong>: du jeudi 11 septembre 2025 au vendredi 12 septembre 2025<\/p>\n<p><strong>F\u00eate du travail <\/strong>: vendredi 1er mai 2026<\/p>\n<p><strong>Pont de l\u2019Ascension<\/strong> : du jeudi 14 mai au vendredi 15 mai 2026<\/p>\n<p><strong>Pentec\u00f4te <\/strong>: lundi 25 mai 2026<\/p>\n<\/div><\/div><div class=\"ult-spacer spacer-69f9e861a71e6\" data-id=\"69f9e861a71e6\" data-height=\"20\" data-height-mobile=\"20\" data-height-tab=\"20\" data-height-tab-portrait=\"\" data-height-mobile-landscape=\"\" style=\"clear:both;display:block;\"><\/div><div class=\"w-btn-wrapper align_none\"><a class=\"w-btn us-btn-style_1 us_custom_9816053e has_text_color\" href=\"https:\/\/lacore.ch\/co\/wp-content\/uploads\/2025\/07\/Calendrier-vacances-2025-26.pdf\"><span class=\"w-btn-label\">Vacances scolaires 2025-2026<\/span><\/a><\/div><\/div><\/div><\/div><\/div><\/div><\/section><section class=\"l-section wpb_row height_medium\"><div class=\"l-section-h i-cf\"><div class=\"g-cols vc_row via_flex valign_top type_default stacking_default\"><div class=\"vc_col-sm-12 wpb_column vc_column_container\"><div class=\"vc_column-inner\"><div class=\"wpb_wrapper\"><\/div><\/div><\/div><\/div><\/div><\/section>\n","protected":false},"excerpt":{"rendered":"CALENDRIER DES VACANCES ET CONG\u00c9S SCOLAIRES\u00a02025 \u2013 2026 Rentr\u00e9e : lundi 25 ao\u00fbt 2025 \u00e0 8h30 Vacances d&rsquo;automne\u00a0: du lundi 20 octobre au vendredi 24 octobre 2025 Rentr\u00e9e : lundi 27 octobre 2025 Vacances de No\u00ebl : du lundi 22 d\u00e9cembre 2025 au vendredi 02 janvier 2026 Rentr\u00e9e : lundi 5 janvier 2026 Vacances de...","protected":false},"author":5,"featured_media":0,"parent":40,"menu_order":0,"comment_status":"closed","ping_status":"closed","template":"","meta":{"footnotes":""},"class_list":["post-538","page","type-page","status-publish","hentry"],"yoast_head":"<!-- This site is optimized with the Yoast SEO plugin v26.8 - https:\/\/yoast.com\/product\/yoast-seo-wordpress\/ -->\n<title>Vacances scolaires - L&#039;Acore<\/title>\n<meta name=\"robots\" content=\"index, follow, max-snippet:-1, max-image-preview:large, max-video-preview:-1\" \/>\n<link rel=\"canonical\" href=\"https:\/\/lacore.ch\/co\/ecole\/vacances-scolaires\/\" \/>\n<meta property=\"og:locale\" content=\"fr_FR\" \/>\n<meta property=\"og:type\" content=\"article\" \/>\n<meta property=\"og:title\" content=\"Vacances scolaires - L&#039;Acore\" \/>\n<meta property=\"og:url\" content=\"https:\/\/lacore.ch\/co\/ecole\/vacances-scolaires\/\" \/>\n<meta property=\"og:site_name\" content=\"L&#039;Acore\" \/>\n<meta property=\"article:modified_time\" content=\"2025-07-02T13:36:00+00:00\" \/>\n<meta name=\"twitter:card\" content=\"summary_large_image\" \/>\n<meta name=\"twitter:label1\" content=\"Dur\u00e9e de lecture estim\u00e9e\" \/>\n\t<meta name=\"twitter:data1\" content=\"1 minute\" \/>\n<script type=\"application\/ld+json\" class=\"yoast-schema-graph\">{\"@context\":\"https:\/\/schema.org\",\"@graph\":[{\"@type\":\"WebPage\",\"@id\":\"https:\/\/lacore.ch\/co\/ecole\/vacances-scolaires\/\",\"url\":\"https:\/\/lacore.ch\/co\/ecole\/vacances-scolaires\/\",\"name\":\"Vacances scolaires - L&#039;Acore\",\"isPartOf\":{\"@id\":\"https:\/\/lacore.ch\/co\/#website\"},\"datePublished\":\"2018-04-19T16:10:19+00:00\",\"dateModified\":\"2025-07-02T13:36:00+00:00\",\"breadcrumb\":{\"@id\":\"https:\/\/lacore.ch\/co\/ecole\/vacances-scolaires\/#breadcrumb\"},\"inLanguage\":\"fr-FR\",\"potentialAction\":[{\"@type\":\"ReadAction\",\"target\":[\"https:\/\/lacore.ch\/co\/ecole\/vacances-scolaires\/\"]}]},{\"@type\":\"BreadcrumbList\",\"@id\":\"https:\/\/lacore.ch\/co\/ecole\/vacances-scolaires\/#breadcrumb\",\"itemListElement\":[{\"@type\":\"ListItem\",\"position\":1,\"name\":\"Accueil\",\"item\":\"https:\/\/lacore.ch\/co\/\"},{\"@type\":\"ListItem\",\"position\":2,\"name\":\"L&rsquo;\u00e9cole\",\"item\":\"https:\/\/lacore.ch\/co\/ecole\/\"},{\"@type\":\"ListItem\",\"position\":3,\"name\":\"Vacances scolaires\"}]},{\"@type\":\"WebSite\",\"@id\":\"https:\/\/lacore.ch\/co\/#website\",\"url\":\"https:\/\/lacore.ch\/co\/\",\"name\":\"L&#039;Acore\",\"description\":\"Cycle d&#039;orientation priv\u00e9\",\"potentialAction\":[{\"@type\":\"SearchAction\",\"target\":{\"@type\":\"EntryPoint\",\"urlTemplate\":\"https:\/\/lacore.ch\/co\/?s={search_term_string}\"},\"query-input\":{\"@type\":\"PropertyValueSpecification\",\"valueRequired\":true,\"valueName\":\"search_term_string\"}}],\"inLanguage\":\"fr-FR\"}]}<\/script>\n<!-- \/ Yoast SEO plugin. -->","yoast_head_json":{"title":"Vacances scolaires - L&#039;Acore","robots":{"index":"index","follow":"follow","max-snippet":"max-snippet:-1","max-image-preview":"max-image-preview:large","max-video-preview":"max-video-preview:-1"},"canonical":"https:\/\/lacore.ch\/co\/ecole\/vacances-scolaires\/","og_locale":"fr_FR","og_type":"article","og_title":"Vacances scolaires - L&#039;Acore","og_url":"https:\/\/lacore.ch\/co\/ecole\/vacances-scolaires\/","og_site_name":"L&#039;Acore","article_modified_time":"2025-07-02T13:36:00+00:00","twitter_card":"summary_large_image","twitter_misc":{"Dur\u00e9e de lecture estim\u00e9e":"1 minute"},"schema":{"@context":"https:\/\/schema.org","@graph":[{"@type":"WebPage","@id":"https:\/\/lacore.ch\/co\/ecole\/vacances-scolaires\/","url":"https:\/\/lacore.ch\/co\/ecole\/vacances-scolaires\/","name":"Vacances scolaires - L&#039;Acore","isPartOf":{"@id":"https:\/\/lacore.ch\/co\/#website"},"datePublished":"2018-04-19T16:10:19+00:00","dateModified":"2025-07-02T13:36:00+00:00","breadcrumb":{"@id":"https:\/\/lacore.ch\/co\/ecole\/vacances-scolaires\/#breadcrumb"},"inLanguage":"fr-FR","potentialAction":[{"@type":"ReadAction","target":["https:\/\/lacore.ch\/co\/ecole\/vacances-scolaires\/"]}]},{"@type":"BreadcrumbList","@id":"https:\/\/lacore.ch\/co\/ecole\/vacances-scolaires\/#breadcrumb","itemListElement":[{"@type":"ListItem","position":1,"name":"Accueil","item":"https:\/\/lacore.ch\/co\/"},{"@type":"ListItem","position":2,"name":"L&rsquo;\u00e9cole","item":"https:\/\/lacore.ch\/co\/ecole\/"},{"@type":"ListItem","position":3,"name":"Vacances scolaires"}]},{"@type":"WebSite","@id":"https:\/\/lacore.ch\/co\/#website","url":"https:\/\/lacore.ch\/co\/","name":"L&#039;Acore","description":"Cycle d&#039;orientation priv\u00e9","potentialAction":[{"@type":"SearchAction","target":{"@type":"EntryPoint","urlTemplate":"https:\/\/lacore.ch\/co\/?s={search_term_string}"},"query-input":{"@type":"PropertyValueSpecification","valueRequired":true,"valueName":"search_term_string"}}],"inLanguage":"fr-FR"}]}},"_links":{"self":[{"href":"https:\/\/lacore.ch\/co\/wp-json\/wp\/v2\/pages\/538","targetHints":{"allow":["GET"]}}],"collection":[{"href":"https:\/\/lacore.ch\/co\/wp-json\/wp\/v2\/pages"}],"about":[{"href":"https:\/\/lacore.ch\/co\/wp-json\/wp\/v2\/types\/page"}],"author":[{"embeddable":true,"href":"https:\/\/lacore.ch\/co\/wp-json\/wp\/v2\/users\/5"}],"replies":[{"embeddable":true,"href":"https:\/\/lacore.ch\/co\/wp-json\/wp\/v2\/comments?post=538"}],"version-history":[{"count":5,"href":"https:\/\/lacore.ch\/co\/wp-json\/wp\/v2\/pages\/538\/revisions"}],"predecessor-version":[{"id":4525,"href":"https:\/\/lacore.ch\/co\/wp-json\/wp\/v2\/pages\/538\/revisions\/4525"}],"up":[{"embeddable":true,"href":"https:\/\/lacore.ch\/co\/wp-json\/wp\/v2\/pages\/40"}],"wp:attachment":[{"href":"https:\/\/lacore.ch\/co\/wp-json\/wp\/v2\/media?parent=538"}],"curies":[{"name":"wp","href":"https:\/\/api.w.org\/{rel}","templated":true}]}}