{"id":293,"date":"2017-12-19T19:41:38","date_gmt":"2017-12-19T18:41:38","guid":{"rendered":"http:\/\/www.lacore.ch\/co\/?page_id=293"},"modified":"2026-03-12T08:00:25","modified_gmt":"2026-03-12T07:00:25","slug":"lacore-cycle-dorientation-prive-a-geneve","status":"publish","type":"page","link":"https:\/\/lacore.ch\/co\/","title":{"rendered":"L&rsquo;Acore, cycle d&rsquo;orientation priv\u00e9 \u00e0 Gen\u00e8ve"},"content":{"rendered":"<section class=\"l-section wpb_row height_medium\"><div class=\"l-section-h i-cf\"><div class=\"g-cols vc_row via_flex valign_top type_default stacking_default\"><div class=\"vc_col-sm-12 wpb_column vc_column_container\"><div class=\"vc_column-inner\"><div class=\"wpb_wrapper\"><div class=\"g-cols wpb_row via_flex valign_top type_default stacking_default\"><div class=\"vc_col-sm-12 wpb_column vc_column_container\"><div class=\"vc_column-inner\"><div class=\"wpb_wrapper\"><\/div><\/div><\/div><\/div><div class=\"w-html\"><iframe loading=\"lazy\" src=\"https:\/\/player.vimeo.com\/video\/924937194?h=71d5dd7deb&autoplay=1&title=0&byline=0&portrait=0\" width=\"1140\" height=\"641\" frameborder=\"0\" allow=\"autoplay; fullscreen; picture-in-picture\" allowfullscreen><\/iframe><\/div><div class=\"w-separator size_medium\"><\/div><div class=\"w-actionbox color_primary controls_right\"><div class=\"w-actionbox-text\"><h2 class=\"w-actionbox-title\">Espace Pronote<\/h2><\/div><div class=\"w-actionbox-controls\"><a class=\"w-btn us-btn-style_1\" href=\"https:\/\/e041403i.index-education.net\/ProNote\/pageetablissement.html?id=ED7211DA-F038-470B-ACCB-E13AE69F061A\"><span class=\"w-btn-label\">Acc\u00e8s<\/span><\/a><\/div><\/div><\/div><\/div><\/div><\/div><\/div><\/section><section class=\"l-section wpb_row height_medium\"><div class=\"l-section-h i-cf\"><div class=\"g-cols vc_row via_flex valign_top type_default stacking_default\"><div class=\"vc_col-sm-12 wpb_column vc_column_container\"><div class=\"vc_column-inner\"><div class=\"wpb_wrapper\"><div class=\"g-cols wpb_row via_flex valign_top type_default stacking_default\"><div class=\"vc_col-sm-4 wpb_column vc_column_container\"><div class=\"vc_column-inner\"><div class=\"wpb_wrapper\"><div class=\"ult-new-ib ult-ib-effect-style7  ult-ib-resp  \" data-min-width=\"768\" data-max-width=\"900\" style=\"background:#bd6122;\" data-opacity=\"1\" data-hover-opacity=\"0.2\" ><img decoding=\"async\" class=\"ult-new-ib-img\" style=\"opacity:1;\" alt=\"null\" src=\"https:\/\/lacore.ch\/co\/wp-content\/uploads\/2024\/03\/Capture-decran-2024-03-21-a-15.22.40.png\"   \/><div id=\"interactive-banner-wrap-8111\" class=\"ult-new-ib-desc\" style=\"\"><h2 class=\"ult-new-ib-title ult-responsive\"  data-ultimate-target='#interactive-banner-wrap-8111 .ult-new-ib-title'  data-responsive-json-new='{\"font-size\":\"desktop:32px;\",\"line-height\":\"\"}'  style=\"font-family:&#039;Roboto Condensed&#039;;font-weight:700;color:#ffffff;\">L'\u00e9cole<\/h2><div class=\"ult-new-ib-content ult-responsive\"  data-ultimate-target='#interactive-banner-wrap-8111 .ult-new-ib-content'  data-responsive-json-new='{\"font-size\":\"desktop:14px;\",\"line-height\":\"\"}'  style=\"font-weight:normal;\"><p>L'Acore est un cycle d\u2019orientation priv\u00e9 install\u00e9 \u00e0 Gen\u00e8ve qui vient en aide \u00e0 des \u00e9l\u00e8ves en difficult\u00e9 et\/ou en situation d\u2019\u00e9chec scolaire.<\/p><\/div><\/div><a class=\"ult-new-ib-link\" href=\"http:\/\/www.lacore.ch\/co\/ecole\/\"  ><\/a><\/div><\/div><\/div><\/div><div class=\"vc_col-sm-4 wpb_column vc_column_container\"><div class=\"vc_column-inner\"><div class=\"wpb_wrapper\"><div class=\"ult-new-ib ult-ib-effect-style7  ult-ib-resp  \" data-min-width=\"768\" data-max-width=\"900\" style=\"background:#bd6122;\" data-opacity=\"1\" data-hover-opacity=\"0.2\" ><img decoding=\"async\" class=\"ult-new-ib-img\" style=\"opacity:1;\" alt=\"null\" src=\"https:\/\/lacore.ch\/co\/wp-content\/uploads\/2022\/09\/1-2.jpg\"   \/><div id=\"interactive-banner-wrap-3724\" class=\"ult-new-ib-desc\" style=\"\"><h2 class=\"ult-new-ib-title ult-responsive\"  data-ultimate-target='#interactive-banner-wrap-3724 .ult-new-ib-title'  data-responsive-json-new='{\"font-size\":\"desktop:32px;\",\"line-height\":\"\"}'  style=\"font-family:&#039;Roboto Condensed&#039;;font-weight:700;color:#ffffff;\">Vie de l'\u00e9cole<\/h2><div class=\"ult-new-ib-content ult-responsive\"  data-ultimate-target='#interactive-banner-wrap-3724 .ult-new-ib-content'  data-responsive-json-new='{\"font-size\":\"desktop:14px;\",\"line-height\":\"\"}'  style=\"font-weight:normal;\"><p>Informations g\u00e9n\u00e9rales sur les activit\u00e9s de l\u2019\u00e9cole, les menus de la cantine, les sorties de classe, les r\u00e9alisations et les productions des \u00e9l\u00e8ves.<\/p><\/div><\/div><a class=\"ult-new-ib-link\" href=\"http:\/\/www.lacore.ch\/co\/vie-de-lecole\/\"  ><\/a><\/div><\/div><\/div><\/div><div class=\"vc_col-sm-4 wpb_column vc_column_container\"><div class=\"vc_column-inner\"><div class=\"wpb_wrapper\"><div class=\"ult-new-ib ult-ib-effect-style7  ult-ib-resp  \" data-min-width=\"768\" data-max-width=\"900\" style=\"background:#bd6122;\" data-opacity=\"1\" data-hover-opacity=\"0.2\" ><img decoding=\"async\" class=\"ult-new-ib-img\" style=\"opacity:1;\" alt=\"null\" src=\"https:\/\/lacore.ch\/co\/wp-content\/uploads\/2017\/12\/Menus-cantine-1.jpg\"   \/><div id=\"interactive-banner-wrap-5329\" class=\"ult-new-ib-desc\" style=\"\"><h2 class=\"ult-new-ib-title ult-responsive\"  data-ultimate-target='#interactive-banner-wrap-5329 .ult-new-ib-title'  data-responsive-json-new='{\"font-size\":\"desktop:32px;\",\"line-height\":\"\"}'  style=\"font-family:&#039;Roboto Condensed&#039;;font-weight:700;color:#ffffff;\">Menus de la cantine<\/h2><div class=\"ult-new-ib-content ult-responsive\"  data-ultimate-target='#interactive-banner-wrap-5329 .ult-new-ib-content'  data-responsive-json-new='{\"font-size\":\"desktop:14px;\",\"line-height\":\"\"}'  style=\"font-weight:normal;\"><p>Le restaurant scolaire est g\u00e9r\u00e9 par nos chefs cuisiniers qui proposent une grande vari\u00e9t\u00e9 de mets\u2026.<\/p><\/div><\/div><a class=\"ult-new-ib-link\" href=\"http:\/\/www.lacore.ch\/co\/vie-de-lecole\/menus-de-cantine\/\"  ><\/a><\/div><\/div><\/div><\/div><\/div><div class=\"wpb_text_column us_custom_b28d3582\"><div class=\"wpb_wrapper\"><h3 style=\"text-align: center;\">Actualit\u00e9s<\/h3>\n<\/div><\/div><div class=\"w-grid type_grid layout_blog_1 cols_3\" id=\"us_grid_1\" data-filterable=\"true\"><style>#us_grid_1 .w-grid-item{padding:1.5rem}#us_grid_1 .w-grid-list{margin:-1.5rem}.w-grid + #us_grid_1 .w-grid-list,.w-grid-none + #us_grid_1 .w-grid-list{margin-top:1.5rem}@media (max-width:899px){#us_grid_1 .w-grid-item{width:50%}}@media (max-width:599px){#us_grid_1 .w-grid-list{margin:0}#us_grid_1 .w-grid-item{width:100%;padding:0;margin-bottom:1.5rem}}.layout_blog_1 .w-grid-item-h{}.layout_blog_1 .usg_post_image_1{margin-bottom:0.5rem!important}.layout_blog_1 .usg_post_title_1{font-size:1rem!important}<\/style><div class=\"w-grid-list\">\t<article class=\"w-grid-item size_1x1 post-4865 post type-post status-publish format-standard has-post-thumbnail hentry category-activites category-actualites category-vie-de-lecole\" data-id=\"4865\">\r\n\t\t<div class=\"w-grid-item-h\">\r\n\t\t\t\t\t\t<div class=\"w-post-elm post_image usg_post_image_1 stretched\"><a href=\"https:\/\/lacore.ch\/co\/a-la-rencontre-de-talents-et-de-savoir-faire-dexception\/\" aria-label=\"\u00c0 la rencontre de talents et de savoir-faire d\u2019exception\"><img loading=\"lazy\" decoding=\"async\" width=\"600\" height=\"600\" src=\"https:\/\/lacore.ch\/co\/wp-content\/uploads\/2026\/04\/IMG-20260331-WA0026-600x600.jpg\" class=\"attachment-us_600_600_crop size-us_600_600_crop wp-post-image\" alt=\"ACORE-JEMA-2026\" srcset=\"https:\/\/lacore.ch\/co\/wp-content\/uploads\/2026\/04\/IMG-20260331-WA0026-600x600.jpg 600w, https:\/\/lacore.ch\/co\/wp-content\/uploads\/2026\/04\/IMG-20260331-WA0026-150x150.jpg 150w, https:\/\/lacore.ch\/co\/wp-content\/uploads\/2026\/04\/IMG-20260331-WA0026-350x350.jpg 350w\" sizes=\"auto, (max-width: 600px) 100vw, 600px\" \/><\/a><\/div><h2 class=\"w-post-elm post_title usg_post_title_1 entry-title color_link_inherit\"><a href=\"https:\/\/lacore.ch\/co\/a-la-rencontre-de-talents-et-de-savoir-faire-dexception\/\">\u00c0 la rencontre de talents et de savoir-faire d\u2019exception<\/a><\/h2>\t\t<\/div>\r\n\t<\/article>\r\n\t<article class=\"w-grid-item size_1x1 post-4849 post type-post status-publish format-standard has-post-thumbnail hentry category-activites category-actualites category-ateliers category-vie-de-lecole\" data-id=\"4849\">\r\n\t\t<div class=\"w-grid-item-h\">\r\n\t\t\t\t\t\t<div class=\"w-post-elm post_image usg_post_image_1 stretched\"><a href=\"https:\/\/lacore.ch\/co\/eco-school-atelier-metal-creer-ensemble-pour-preserver\/\" aria-label=\"Eco-School &#038; atelier m\u00e9tal : cr\u00e9er ensemble pour pr\u00e9server\"><img loading=\"lazy\" decoding=\"async\" width=\"600\" height=\"600\" src=\"https:\/\/lacore.ch\/co\/wp-content\/uploads\/2026\/03\/METAL-ACORE-25-26-12-600x600.jpg\" class=\"attachment-us_600_600_crop size-us_600_600_crop wp-post-image\" alt=\"METAL-ACORE-25-26\" srcset=\"https:\/\/lacore.ch\/co\/wp-content\/uploads\/2026\/03\/METAL-ACORE-25-26-12-600x600.jpg 600w, https:\/\/lacore.ch\/co\/wp-content\/uploads\/2026\/03\/METAL-ACORE-25-26-12-150x150.jpg 150w, https:\/\/lacore.ch\/co\/wp-content\/uploads\/2026\/03\/METAL-ACORE-25-26-12-350x350.jpg 350w\" sizes=\"auto, (max-width: 600px) 100vw, 600px\" \/><\/a><\/div><h2 class=\"w-post-elm post_title usg_post_title_1 entry-title color_link_inherit\"><a href=\"https:\/\/lacore.ch\/co\/eco-school-atelier-metal-creer-ensemble-pour-preserver\/\">Eco-School &#038; atelier m\u00e9tal : cr\u00e9er ensemble pour pr\u00e9server<\/a><\/h2>\t\t<\/div>\r\n\t<\/article>\r\n\t<article class=\"w-grid-item size_1x1 post-4836 post type-post status-publish format-standard has-post-thumbnail hentry category-activites category-actualites category-vie-de-lecole\" data-id=\"4836\">\r\n\t\t<div class=\"w-grid-item-h\">\r\n\t\t\t\t\t\t<div class=\"w-post-elm post_image usg_post_image_1 stretched\"><a href=\"https:\/\/lacore.ch\/co\/en-3d-les-idees-simpriment\/\" aria-label=\"En 3D les id\u00e9es s&rsquo;impriment !\"><img loading=\"lazy\" decoding=\"async\" width=\"600\" height=\"600\" src=\"https:\/\/lacore.ch\/co\/wp-content\/uploads\/2026\/03\/ACORE-TIC-14-600x600.jpg\" class=\"attachment-us_600_600_crop size-us_600_600_crop wp-post-image\" alt=\"ACORE-TIC-14\" srcset=\"https:\/\/lacore.ch\/co\/wp-content\/uploads\/2026\/03\/ACORE-TIC-14-600x600.jpg 600w, https:\/\/lacore.ch\/co\/wp-content\/uploads\/2026\/03\/ACORE-TIC-14-150x150.jpg 150w, https:\/\/lacore.ch\/co\/wp-content\/uploads\/2026\/03\/ACORE-TIC-14-350x350.jpg 350w\" sizes=\"auto, (max-width: 600px) 100vw, 600px\" \/><\/a><\/div><h2 class=\"w-post-elm post_title usg_post_title_1 entry-title color_link_inherit\"><a href=\"https:\/\/lacore.ch\/co\/en-3d-les-idees-simpriment\/\">En 3D les id\u00e9es s&rsquo;impriment !<\/a><\/h2>\t\t<\/div>\r\n\t<\/article>\r\n<\/div><div class=\"w-grid-preloader\"><div class=\"g-preloader type_1\">\r\n\t<div><\/div>\r\n<\/div>\r\n<\/div>\t<div class=\"w-grid-json hidden\" onclick='return {&quot;action&quot;:&quot;us_ajax_grid&quot;,&quot;ajax_url&quot;:&quot;https:\\\/\\\/lacore.ch\\\/co\\\/wp-admin\\\/admin-ajax.php&quot;,&quot;infinite_scroll&quot;:0,&quot;max_num_pages&quot;:34,&quot;pagination&quot;:&quot;none&quot;,&quot;permalink_url&quot;:&quot;https:\\\/\\\/lacore.ch\\\/co\\\/wp-json\\\/wp\\\/v2\\\/pages\\\/293&quot;,&quot;template_vars&quot;:{&quot;columns&quot;:&quot;3&quot;,&quot;exclude_items&quot;:&quot;none&quot;,&quot;img_size&quot;:&quot;default&quot;,&quot;ignore_items_size&quot;:0,&quot;items_layout&quot;:&quot;blog_1&quot;,&quot;items_offset&quot;:&quot;1&quot;,&quot;load_animation&quot;:&quot;none&quot;,&quot;overriding_link&quot;:&quot;none&quot;,&quot;post_id&quot;:293,&quot;query_args&quot;:{&quot;post_type&quot;:[&quot;post&quot;],&quot;tax_query&quot;:[{&quot;taxonomy&quot;:&quot;category&quot;,&quot;field&quot;:&quot;slug&quot;,&quot;terms&quot;:[&quot;activites&quot;,&quot;actualites&quot;,&quot;vie-de-lecole&quot;]}],&quot;post_status&quot;:[&quot;publish&quot;],&quot;posts_per_page&quot;:&quot;3&quot;},&quot;orderby_query_args&quot;:{&quot;orderby&quot;:{&quot;date&quot;:&quot;DESC&quot;}},&quot;type&quot;:&quot;grid&quot;,&quot;us_grid_ajax_index&quot;:1,&quot;us_grid_filter_params&quot;:null,&quot;us_grid_index&quot;:1,&quot;_us_grid_post_type&quot;:&quot;post&quot;}}'><\/div>\r\n\t<\/div><\/div><\/div><\/div><\/div><\/div><\/section>\n","protected":false},"excerpt":{"rendered":"L\u2019innovation, sous toutes ses formes, occupe une place centrale \u00e0 l\u2019Acore. En cours de TIC, les \u00e9l\u00e8ves se familiarisent avec la mod\u00e9lisation num\u00e9rique en trois dimensions et peuvent ensuite concevoir leurs cr\u00e9ations sur l\u2019imprimante 3D. C\u2019est l\u2019occasion d\u2019appliquer des notions math\u00e9matiques et g\u00e9om\u00e9triques de mani\u00e8re concr\u00e8te. Apr\u00e8s quelques s\u00e9ances, ils sont capables de r\u00e9aliser eux-m\u00eames...","protected":false},"author":5,"featured_media":0,"parent":0,"menu_order":0,"comment_status":"closed","ping_status":"closed","template":"","meta":{"footnotes":""},"class_list":["post-293","page","type-page","status-publish","hentry"],"yoast_head":"<!-- This site is optimized with the Yoast SEO plugin v26.8 - https:\/\/yoast.com\/product\/yoast-seo-wordpress\/ -->\n<title>L&#039;Acore, cycle d&#039;orientation priv\u00e9 \u00e0 Gen\u00e8ve<\/title>\n<meta name=\"description\" content=\"L\u2019Acore est un cycle d\u2019orientation priv\u00e9. Gr\u00e2ce \u00e0 son encadrement sp\u00e9cialis\u00e9, l&#039;Acore vient en aide \u00e0 des \u00e9l\u00e8ves en situation d\u2019\u00e9chec scolaire...\" \/>\n<meta name=\"robots\" content=\"index, follow, max-snippet:-1, max-image-preview:large, max-video-preview:-1\" \/>\n<link rel=\"canonical\" href=\"https:\/\/lacore.ch\/co\/\" \/>\n<meta property=\"og:locale\" content=\"fr_FR\" \/>\n<meta property=\"og:type\" content=\"article\" \/>\n<meta property=\"og:title\" content=\"L&#039;Acore, cycle d&#039;orientation priv\u00e9 \u00e0 Gen\u00e8ve\" \/>\n<meta property=\"og:description\" content=\"L\u2019Acore est un cycle d\u2019orientation priv\u00e9. Gr\u00e2ce \u00e0 son encadrement sp\u00e9cialis\u00e9, l&#039;Acore vient en aide \u00e0 des \u00e9l\u00e8ves en situation d\u2019\u00e9chec scolaire...\" \/>\n<meta property=\"og:url\" content=\"https:\/\/lacore.ch\/co\/\" \/>\n<meta property=\"og:site_name\" content=\"L&#039;Acore\" \/>\n<meta property=\"article:modified_time\" content=\"2026-03-12T07:00:25+00:00\" \/>\n<meta property=\"og:image\" content=\"https:\/\/lacore.ch\/co\/wp-content\/uploads\/2024\/03\/1-1.jpg\" \/>\n\t<meta property=\"og:image:width\" content=\"2285\" \/>\n\t<meta property=\"og:image:height\" content=\"1100\" \/>\n\t<meta property=\"og:image:type\" content=\"image\/jpeg\" \/>\n<meta name=\"twitter:card\" content=\"summary_large_image\" \/>\n<meta name=\"twitter:label1\" content=\"Dur\u00e9e de lecture estim\u00e9e\" \/>\n\t<meta name=\"twitter:data1\" content=\"1 minute\" \/>\n<script type=\"application\/ld+json\" class=\"yoast-schema-graph\">{\"@context\":\"https:\/\/schema.org\",\"@graph\":[{\"@type\":\"WebPage\",\"@id\":\"https:\/\/lacore.ch\/co\/\",\"url\":\"https:\/\/lacore.ch\/co\/\",\"name\":\"L'Acore, cycle d'orientation priv\u00e9 \u00e0 Gen\u00e8ve\",\"isPartOf\":{\"@id\":\"https:\/\/lacore.ch\/co\/#website\"},\"datePublished\":\"2017-12-19T18:41:38+00:00\",\"dateModified\":\"2026-03-12T07:00:25+00:00\",\"description\":\"L\u2019Acore est un cycle d\u2019orientation priv\u00e9. Gr\u00e2ce \u00e0 son encadrement sp\u00e9cialis\u00e9, l'Acore vient en aide \u00e0 des \u00e9l\u00e8ves en situation d\u2019\u00e9chec scolaire...\",\"breadcrumb\":{\"@id\":\"https:\/\/lacore.ch\/co\/#breadcrumb\"},\"inLanguage\":\"fr-FR\",\"potentialAction\":[{\"@type\":\"ReadAction\",\"target\":[\"https:\/\/lacore.ch\/co\/\"]}]},{\"@type\":\"BreadcrumbList\",\"@id\":\"https:\/\/lacore.ch\/co\/#breadcrumb\",\"itemListElement\":[{\"@type\":\"ListItem\",\"position\":1,\"name\":\"Accueil\",\"item\":\"https:\/\/lacore.ch\/co\/\"},{\"@type\":\"ListItem\",\"position\":2,\"name\":\"L&rsquo;Acore, cycle d&rsquo;orientation priv\u00e9 \u00e0 Gen\u00e8ve\"}]},{\"@type\":\"WebSite\",\"@id\":\"https:\/\/lacore.ch\/co\/#website\",\"url\":\"https:\/\/lacore.ch\/co\/\",\"name\":\"L&#039;Acore\",\"description\":\"Cycle d&#039;orientation priv\u00e9\",\"potentialAction\":[{\"@type\":\"SearchAction\",\"target\":{\"@type\":\"EntryPoint\",\"urlTemplate\":\"https:\/\/lacore.ch\/co\/?s={search_term_string}\"},\"query-input\":{\"@type\":\"PropertyValueSpecification\",\"valueRequired\":true,\"valueName\":\"search_term_string\"}}],\"inLanguage\":\"fr-FR\"}]}<\/script>\n<!-- \/ Yoast SEO plugin. -->","yoast_head_json":{"title":"L'Acore, cycle d'orientation priv\u00e9 \u00e0 Gen\u00e8ve","description":"L\u2019Acore est un cycle d\u2019orientation priv\u00e9. Gr\u00e2ce \u00e0 son encadrement sp\u00e9cialis\u00e9, l'Acore vient en aide \u00e0 des \u00e9l\u00e8ves en situation d\u2019\u00e9chec scolaire...","robots":{"index":"index","follow":"follow","max-snippet":"max-snippet:-1","max-image-preview":"max-image-preview:large","max-video-preview":"max-video-preview:-1"},"canonical":"https:\/\/lacore.ch\/co\/","og_locale":"fr_FR","og_type":"article","og_title":"L'Acore, cycle d'orientation priv\u00e9 \u00e0 Gen\u00e8ve","og_description":"L\u2019Acore est un cycle d\u2019orientation priv\u00e9. Gr\u00e2ce \u00e0 son encadrement sp\u00e9cialis\u00e9, l'Acore vient en aide \u00e0 des \u00e9l\u00e8ves en situation d\u2019\u00e9chec scolaire...","og_url":"https:\/\/lacore.ch\/co\/","og_site_name":"L&#039;Acore","article_modified_time":"2026-03-12T07:00:25+00:00","og_image":[{"width":2285,"height":1100,"url":"https:\/\/lacore.ch\/co\/wp-content\/uploads\/2024\/03\/1-1.jpg","type":"image\/jpeg"}],"twitter_card":"summary_large_image","twitter_misc":{"Dur\u00e9e de lecture estim\u00e9e":"1 minute"},"schema":{"@context":"https:\/\/schema.org","@graph":[{"@type":"WebPage","@id":"https:\/\/lacore.ch\/co\/","url":"https:\/\/lacore.ch\/co\/","name":"L'Acore, cycle d'orientation priv\u00e9 \u00e0 Gen\u00e8ve","isPartOf":{"@id":"https:\/\/lacore.ch\/co\/#website"},"datePublished":"2017-12-19T18:41:38+00:00","dateModified":"2026-03-12T07:00:25+00:00","description":"L\u2019Acore est un cycle d\u2019orientation priv\u00e9. Gr\u00e2ce \u00e0 son encadrement sp\u00e9cialis\u00e9, l'Acore vient en aide \u00e0 des \u00e9l\u00e8ves en situation d\u2019\u00e9chec scolaire...","breadcrumb":{"@id":"https:\/\/lacore.ch\/co\/#breadcrumb"},"inLanguage":"fr-FR","potentialAction":[{"@type":"ReadAction","target":["https:\/\/lacore.ch\/co\/"]}]},{"@type":"BreadcrumbList","@id":"https:\/\/lacore.ch\/co\/#breadcrumb","itemListElement":[{"@type":"ListItem","position":1,"name":"Accueil","item":"https:\/\/lacore.ch\/co\/"},{"@type":"ListItem","position":2,"name":"L&rsquo;Acore, cycle d&rsquo;orientation priv\u00e9 \u00e0 Gen\u00e8ve"}]},{"@type":"WebSite","@id":"https:\/\/lacore.ch\/co\/#website","url":"https:\/\/lacore.ch\/co\/","name":"L&#039;Acore","description":"Cycle d&#039;orientation priv\u00e9","potentialAction":[{"@type":"SearchAction","target":{"@type":"EntryPoint","urlTemplate":"https:\/\/lacore.ch\/co\/?s={search_term_string}"},"query-input":{"@type":"PropertyValueSpecification","valueRequired":true,"valueName":"search_term_string"}}],"inLanguage":"fr-FR"}]}},"_links":{"self":[{"href":"https:\/\/lacore.ch\/co\/wp-json\/wp\/v2\/pages\/293","targetHints":{"allow":["GET"]}}],"collection":[{"href":"https:\/\/lacore.ch\/co\/wp-json\/wp\/v2\/pages"}],"about":[{"href":"https:\/\/lacore.ch\/co\/wp-json\/wp\/v2\/types\/page"}],"author":[{"embeddable":true,"href":"https:\/\/lacore.ch\/co\/wp-json\/wp\/v2\/users\/5"}],"replies":[{"embeddable":true,"href":"https:\/\/lacore.ch\/co\/wp-json\/wp\/v2\/comments?post=293"}],"version-history":[{"count":6,"href":"https:\/\/lacore.ch\/co\/wp-json\/wp\/v2\/pages\/293\/revisions"}],"predecessor-version":[{"id":4160,"href":"https:\/\/lacore.ch\/co\/wp-json\/wp\/v2\/pages\/293\/revisions\/4160"}],"wp:attachment":[{"href":"https:\/\/lacore.ch\/co\/wp-json\/wp\/v2\/media?parent=293"}],"curies":[{"name":"wp","href":"https:\/\/api.w.org\/{rel}","templated":true}]}}