{"id":1028,"date":"2019-02-06T20:03:17","date_gmt":"2019-02-06T19:03:17","guid":{"rendered":"https:\/\/www.lacore.ch\/co\/?page_id=1028"},"modified":"2019-02-06T20:04:00","modified_gmt":"2019-02-06T19:04:00","slug":"conditions-dutilisation","status":"publish","type":"page","link":"https:\/\/lacore.ch\/co\/conditions-dutilisation\/","title":{"rendered":"Conditions d\u2019utilisation"},"content":{"rendered":"<section class=\"l-section wpb_row height_medium\"><div class=\"l-section-h i-cf\"><div class=\"g-cols vc_row via_flex valign_top type_default stacking_default\"><div class=\"vc_col-sm-12 wpb_column vc_column_container\"><div class=\"vc_column-inner\"><div class=\"wpb_wrapper\"><div class=\"wpb_text_column\"><div class=\"wpb_wrapper\"><p>En utilisant le site web <strong>www.lacore.ch<\/strong> de l\u2019Acore, cycle d\u2019orientation priv\u00e9, vous souscrivez aux termes et conditions suivants :<\/p>\n<h4>Exclusion de garantie et limitation de la responsabilit\u00e9<\/h4>\n<p>Bien que le plus grand soin ait \u00e9t\u00e9 apport\u00e9 afin de garantir l\u2019exactitude des informations contenues sur ce site web, l\u2019Acore, cycle d\u2019orientation priv\u00e9 fournit ces informations \u00ab EN L\u2019\u00c9TAT \u00bb et NE RECONNA\u00ceT AUCUNE GARANTIE EXPRESSE OU IMPLICITE, Y COMPRIS, MAIS SANS LIMITATION, LES GARANTIES IMPLICITES DE CARACT\u00c8RE COMMERCIAL ET D\u2019AD\u00c9QUATION \u00c0 UNE UTILISATION SP\u00c9CIFIQUE. Vous reconnaissez utiliser ce site web \u00e0 vos seuls risques, assumer l\u2019enti\u00e8re responsabilit\u00e9 de tous les frais associ\u00e9s \u00e0 l\u2019utilisation de ce site web, et convenez que l\u2019Acore, ne peut en aucun cas \u00eatre tenu pour responsable de quelque dommage direct, indirect ou cons\u00e9cutif d\u00e9coulant de votre consultation ou utilisation des informations ou logiciels disponibles sur ce site web. Toute garantie et repr\u00e9sentation, sur ce site web, concernant les produits ou services de l\u2019Acore, achet\u00e9s ou utilis\u00e9s par vous sera soumise aux termes et conditions d\u00e9finis dans le contrat de ces produits ou services. En outre, l\u2019Acore n\u2019offre aucune garantie quant \u00e0 l\u2019exactitude et \u00e0 la fiabilit\u00e9 des informations contenues dans les sites externes auxquels il est fait r\u00e9f\u00e9rence ou pour lesquels un lien appara\u00eet sur notre site, et n\u2019assume aucune responsabilit\u00e9 quant au contenu cr\u00e9\u00e9 ou publi\u00e9 par des tiers. Par ailleurs, l\u2019Acore ne garantit pas que ce site web ou les autres sites web qui y sont li\u00e9s soient exempts de virus ou d\u2019autres \u00e9l\u00e9ments dangereux.<\/p>\n<h4>Copyright<\/h4>\n<p>Les copyrights prot\u00e9geant ce site web, les informations et les logiciels disponibles sur ce site restent la propri\u00e9t\u00e9 de l\u2019Acore, cycle d\u2019orientation priv\u00e9 ou de ses conc\u00e9dants de licence. Tous droits r\u00e9serv\u00e9s. Tous les documents conc\u00e9d\u00e9s sous licence mentionneront le conc\u00e9dant de licence ayant accord\u00e9 \u00e0 l\u2019Acore le droit, l\u2019autorisation d\u2019utiliser les documents. Les informations et logiciels disponibles sur ce site web ne peuvent \u00eatre reproduits, dupliqu\u00e9s, copi\u00e9s, transf\u00e9r\u00e9s, distribu\u00e9s, enregistr\u00e9s, modifi\u00e9s, t\u00e9l\u00e9charg\u00e9s ou exploit\u00e9s par quelque moyen que ce soit aux fins d\u2019une utilisation commerciale sans l\u2019accord pr\u00e9alable \u00e9crit de l\u2019Acore. Toutefois, le contenu peut \u00eatre reproduit, enregistr\u00e9 et t\u00e9l\u00e9charg\u00e9 \u00e0 des fins personnelles sans l\u2019accord pr\u00e9alable \u00e9crit de l\u2019Acore. Ces informations ou logiciels ne peuvent en aucun cas \u00eatre c\u00e9d\u00e9s \u00e0 des tiers.<\/p>\n<h4>Marques de commerce et brevets<\/h4>\n<p>Tous les marques de commerce, noms de marque et sigles apparaissant sur le site web sont la propri\u00e9t\u00e9 de l\u2019Acore, cycle d\u2019orientation priv\u00e9 ou de ses conc\u00e9dants de licence, et ne peuvent en aucun cas \u00eatre utilis\u00e9s sans l\u2019accord pr\u00e9alable \u00e9crit de l\u2019Acore, cycle d\u2019orientation priv\u00e9. Toutes les marques de commerce publi\u00e9es sur ce site web mentionnent le conc\u00e9dant de licence ayant accord\u00e9 \u00e0 l\u2019Acore, l\u2019autorisation d\u2019utiliser la marque commerciale. L\u2019acc\u00e8s au site web n\u2019accorde \u00e0 l\u2019utilisateur aucune licence concernant les brevets d\u00e9tenus par ou conc\u00e9d\u00e9s en licence \u00e0 l\u2019Acore, cycle d\u2019orientation priv\u00e9.<\/p>\n<h4>Modifications<\/h4>\n<p>L\u2019Acore se r\u00e9serve le droit d\u2019int\u00e9grer, \u00e0 tout moment, des modifications ou des ajouts \u00e0 ce site web.<\/p>\n<\/div><\/div><\/div><\/div><\/div><\/div><\/div><\/section>\n","protected":false},"excerpt":{"rendered":"En utilisant le site web www.lacore.ch de l\u2019Acore, cycle d\u2019orientation priv\u00e9, vous souscrivez aux termes et conditions suivants : Exclusion de garantie et limitation de la responsabilit\u00e9 Bien que le plus grand soin ait \u00e9t\u00e9 apport\u00e9 afin de garantir l\u2019exactitude des informations contenues sur ce site web, l\u2019Acore, cycle d\u2019orientation priv\u00e9 fournit ces informations \u00ab...","protected":false},"author":5,"featured_media":0,"parent":0,"menu_order":0,"comment_status":"closed","ping_status":"closed","template":"","meta":{"footnotes":""},"class_list":["post-1028","page","type-page","status-publish","hentry"],"yoast_head":"<!-- This site is optimized with the Yoast SEO plugin v26.8 - https:\/\/yoast.com\/product\/yoast-seo-wordpress\/ -->\n<title>Conditions d\u2019utilisation - L&#039;Acore<\/title>\n<meta name=\"robots\" content=\"index, follow, max-snippet:-1, max-image-preview:large, max-video-preview:-1\" \/>\n<link rel=\"canonical\" href=\"https:\/\/lacore.ch\/co\/conditions-dutilisation\/\" \/>\n<meta property=\"og:locale\" content=\"fr_FR\" \/>\n<meta property=\"og:type\" content=\"article\" \/>\n<meta property=\"og:title\" content=\"Conditions d\u2019utilisation - L&#039;Acore\" \/>\n<meta property=\"og:url\" content=\"https:\/\/lacore.ch\/co\/conditions-dutilisation\/\" \/>\n<meta property=\"og:site_name\" content=\"L&#039;Acore\" \/>\n<meta property=\"article:modified_time\" content=\"2019-02-06T19:04:00+00:00\" \/>\n<meta name=\"twitter:card\" content=\"summary_large_image\" \/>\n<meta name=\"twitter:label1\" content=\"Dur\u00e9e de lecture estim\u00e9e\" \/>\n\t<meta name=\"twitter:data1\" content=\"3 minutes\" \/>\n<script type=\"application\/ld+json\" class=\"yoast-schema-graph\">{\"@context\":\"https:\/\/schema.org\",\"@graph\":[{\"@type\":\"WebPage\",\"@id\":\"https:\/\/lacore.ch\/co\/conditions-dutilisation\/\",\"url\":\"https:\/\/lacore.ch\/co\/conditions-dutilisation\/\",\"name\":\"Conditions d\u2019utilisation - L&#039;Acore\",\"isPartOf\":{\"@id\":\"https:\/\/lacore.ch\/co\/#website\"},\"datePublished\":\"2019-02-06T19:03:17+00:00\",\"dateModified\":\"2019-02-06T19:04:00+00:00\",\"breadcrumb\":{\"@id\":\"https:\/\/lacore.ch\/co\/conditions-dutilisation\/#breadcrumb\"},\"inLanguage\":\"fr-FR\",\"potentialAction\":[{\"@type\":\"ReadAction\",\"target\":[\"https:\/\/lacore.ch\/co\/conditions-dutilisation\/\"]}]},{\"@type\":\"BreadcrumbList\",\"@id\":\"https:\/\/lacore.ch\/co\/conditions-dutilisation\/#breadcrumb\",\"itemListElement\":[{\"@type\":\"ListItem\",\"position\":1,\"name\":\"Accueil\",\"item\":\"https:\/\/lacore.ch\/co\/\"},{\"@type\":\"ListItem\",\"position\":2,\"name\":\"Conditions d\u2019utilisation\"}]},{\"@type\":\"WebSite\",\"@id\":\"https:\/\/lacore.ch\/co\/#website\",\"url\":\"https:\/\/lacore.ch\/co\/\",\"name\":\"L&#039;Acore\",\"description\":\"Cycle d&#039;orientation priv\u00e9\",\"potentialAction\":[{\"@type\":\"SearchAction\",\"target\":{\"@type\":\"EntryPoint\",\"urlTemplate\":\"https:\/\/lacore.ch\/co\/?s={search_term_string}\"},\"query-input\":{\"@type\":\"PropertyValueSpecification\",\"valueRequired\":true,\"valueName\":\"search_term_string\"}}],\"inLanguage\":\"fr-FR\"}]}<\/script>\n<!-- \/ Yoast SEO plugin. -->","yoast_head_json":{"title":"Conditions d\u2019utilisation - L&#039;Acore","robots":{"index":"index","follow":"follow","max-snippet":"max-snippet:-1","max-image-preview":"max-image-preview:large","max-video-preview":"max-video-preview:-1"},"canonical":"https:\/\/lacore.ch\/co\/conditions-dutilisation\/","og_locale":"fr_FR","og_type":"article","og_title":"Conditions d\u2019utilisation - L&#039;Acore","og_url":"https:\/\/lacore.ch\/co\/conditions-dutilisation\/","og_site_name":"L&#039;Acore","article_modified_time":"2019-02-06T19:04:00+00:00","twitter_card":"summary_large_image","twitter_misc":{"Dur\u00e9e de lecture estim\u00e9e":"3 minutes"},"schema":{"@context":"https:\/\/schema.org","@graph":[{"@type":"WebPage","@id":"https:\/\/lacore.ch\/co\/conditions-dutilisation\/","url":"https:\/\/lacore.ch\/co\/conditions-dutilisation\/","name":"Conditions d\u2019utilisation - L&#039;Acore","isPartOf":{"@id":"https:\/\/lacore.ch\/co\/#website"},"datePublished":"2019-02-06T19:03:17+00:00","dateModified":"2019-02-06T19:04:00+00:00","breadcrumb":{"@id":"https:\/\/lacore.ch\/co\/conditions-dutilisation\/#breadcrumb"},"inLanguage":"fr-FR","potentialAction":[{"@type":"ReadAction","target":["https:\/\/lacore.ch\/co\/conditions-dutilisation\/"]}]},{"@type":"BreadcrumbList","@id":"https:\/\/lacore.ch\/co\/conditions-dutilisation\/#breadcrumb","itemListElement":[{"@type":"ListItem","position":1,"name":"Accueil","item":"https:\/\/lacore.ch\/co\/"},{"@type":"ListItem","position":2,"name":"Conditions d\u2019utilisation"}]},{"@type":"WebSite","@id":"https:\/\/lacore.ch\/co\/#website","url":"https:\/\/lacore.ch\/co\/","name":"L&#039;Acore","description":"Cycle d&#039;orientation priv\u00e9","potentialAction":[{"@type":"SearchAction","target":{"@type":"EntryPoint","urlTemplate":"https:\/\/lacore.ch\/co\/?s={search_term_string}"},"query-input":{"@type":"PropertyValueSpecification","valueRequired":true,"valueName":"search_term_string"}}],"inLanguage":"fr-FR"}]}},"_links":{"self":[{"href":"https:\/\/lacore.ch\/co\/wp-json\/wp\/v2\/pages\/1028","targetHints":{"allow":["GET"]}}],"collection":[{"href":"https:\/\/lacore.ch\/co\/wp-json\/wp\/v2\/pages"}],"about":[{"href":"https:\/\/lacore.ch\/co\/wp-json\/wp\/v2\/types\/page"}],"author":[{"embeddable":true,"href":"https:\/\/lacore.ch\/co\/wp-json\/wp\/v2\/users\/5"}],"replies":[{"embeddable":true,"href":"https:\/\/lacore.ch\/co\/wp-json\/wp\/v2\/comments?post=1028"}],"version-history":[{"count":3,"href":"https:\/\/lacore.ch\/co\/wp-json\/wp\/v2\/pages\/1028\/revisions"}],"predecessor-version":[{"id":1032,"href":"https:\/\/lacore.ch\/co\/wp-json\/wp\/v2\/pages\/1028\/revisions\/1032"}],"wp:attachment":[{"href":"https:\/\/lacore.ch\/co\/wp-json\/wp\/v2\/media?parent=1028"}],"curies":[{"name":"wp","href":"https:\/\/api.w.org\/{rel}","templated":true}]}}